{"id":11,"date":"2013-10-22T09:19:04","date_gmt":"2013-10-22T09:19:04","guid":{"rendered":"http:\/\/www.magnetika.es\/blog\/?page_id=11"},"modified":"2021-09-24T16:44:56","modified_gmt":"2021-09-24T16:44:56","slug":"about-us-magnetika_visuals-music_for_the_eyes","status":"publish","type":"page","link":"https:\/\/www.magnetika.es\/blog\/about-us-magnetika_visuals-music_for_the_eyes\/","title":{"rendered":"about"},"content":{"rendered":"<p><a href=\"https:\/\/comp15plus.cyberneticos.com\/~magnetik\/blog\/wp-content\/uploads\/2013\/10\/CARD-blog-about2.jpg\"><img loading=\"lazy\" decoding=\"async\" class=\"wp-image-182 size-full aligncenter\" src=\"https:\/\/comp15plus.cyberneticos.com\/~magnetik\/blog\/wp-content\/uploads\/2013\/10\/CARD-blog-about2.jpg\" alt=\"\" width=\"659\" height=\"393\" srcset=\"https:\/\/www.magnetika.es\/blog\/wp-content\/uploads\/2013\/10\/CARD-blog-about2.jpg 659w, https:\/\/www.magnetika.es\/blog\/wp-content\/uploads\/2013\/10\/CARD-blog-about2-300x179.jpg 300w\" sizes=\"auto, (max-width: 659px) 100vw, 659px\" \/><\/a><b><\/b><\/p>\n<p>En<\/p>\n<p><b>Magn\u00e9tika <\/b>is an interstellar conjunction of multidisciplinary and undisciplined artists, believing in dadaist chaos and\u00a0 that art work is only existing in the moment of crash with subject-spectator, inherent and active part of the artistic object.<\/p>\n<p><b>We all are<\/b> art, we all are a piece of art. We believe in this declaration in a non-metaphoric way, that\u2019s why we want to give the chance to all attendants in our creative space to interact with the show.<\/p>\n<p><b>The visual poetry<\/b>, is part of our grammar backbone and we use it to represent, transform, deform and develop own audio-visual universes, made to be projected out of the common screen as an audio-visual fleeting graffiti. Magn\u00e9tika tries to give light, color, form and textures to perspectives of buildings and other surfaces.<\/p>\n<p><b>The attitude<\/b> is to see the art as a research. We don\u2019t believe in an only way of creation. There are many methods and ways to reach the same result and an infinite number of unexpected results waiting to be discovered.<\/p>\n<p><b>We use<\/b> the realtime mixing process, to create a brake of the video perception as a reality. Stop perceiving the media as a reality\u00a0 or concrete fiction transmission tool, brings us to a self-knowledge audio-visual game.<\/p>\n<ul>\n<li>More information about our projects<\/li>\n<li><a href=\"http:\/\/www.magnetika.es\/blog\">www.magnetika.es\/blog<\/a><\/li>\n<li><a href=\"mailto:info@magnetika.es\">info@magnetika.es<\/a><\/li>\n<li><a href=\"https:\/\/vimeo.com\/magnetikavisuals\"><b>Vimeo<\/b><\/a><\/li>\n<\/ul>\n<p>Gr<\/p>\n<p><b>Magn\u00e9tika<\/b> ist eine interstellare Konjunktion multidisziplin\u00e4rer und undisziplinierter K\u00fcnstler, die an das Dada-Chaos glauben und daran,<br \/>\ndass das Werk nur in dem Augenblick existiert, indem es mit dem Subjekt \u201cZuschauer\u201d, dem inh\u00e4renten und aktiven Teil des k\u00fcnstlerischen Objekts, zusammenst\u00f6sst.<\/p>\n<p><b>Wir alle<\/b> bedeuten Kunst, sind wir doch alle ein Kunstwerk. Wir glauben an diese nicht-metaforische Erkl\u00e4rungsform,weshalb wir allen, die unseren kreativen Raum betreten, die Gelegenheit geben m\u00f6chten, mit dem Spektakel zu interagieren und in Beziehung zu treten.<\/p>\n<p><b>Die visuelle<\/b> Poesie geh\u00f6rt zur Mittelachse unserer Grammatik und wir ben\u00fctzen sie um eigene audiovisuelle Universen,konzipiert, um ausserhalb des konventionellen Bildschirms, wie ein audiovisuelles, verg\u00e4ngliches Graffiti projiziert zu werden, umzuwandeln, zu verformen<br \/>\nund auszureifen.<br \/>\nMagn\u00e9tika versucht, Perspektiven von Geb\u00e4uden und anderen Oberfl\u00e4chen,Farbe, Licht, Form und Textur zu geben.<\/p>\n<p><b>Das Verhalten<\/b> ist, die Kunst als eine Suche zu sehen.<br \/>\nWir glauben nicht an einen einzigartigen Weg von Schaffung.Es existieren eine Menge von Methoden und Arten,das gleiche Ergebnis zu erreichen, und eine unendliche Zahl von unerwarteten Ergebnissen, darauf hoffend, entdeckt zu werden.<\/p>\n<p><b>Der Mischungsprozess<\/b> in Echtzeit dient uns dazu, einen Bruch der Wahrnehmung des Videos, als Wirklichkeit zu schaffen.<br \/>\nAufzuh\u00f6ren, das Medium als Wirklichkeits\u00fcbertragungswerzeug oder konkrete Fiktion wahrzunehmen, bringt uns zu einem audiovisuellen Spiel der Selbsterkenntnis.<\/p>\n<ul>\n<li><span class=\"VIiyi\" lang=\"nl\"><span class=\"JLqJ4b ChMk0b\" data-language-for-alternatives=\"nl\" data-language-to-translate-into=\"es\" data-phrase-index=\"0\">Meer informatie over onze projecten op:<\/span><\/span><\/li>\n<li><a href=\"http:\/\/www.magnetika.es\/blog\">www.magnetika.es\/blog<\/a><\/li>\n<li><a href=\"mailto:info@magnetika.es\">info@magnetika.es<\/a><\/li>\n<li><a href=\"https:\/\/vimeo.com\/magnetikavisuals\"><b>Vimeo<\/b><\/a><\/li>\n<\/ul>\n<p>Es<\/p>\n<div class=\"hidden\" style=\"display: block;\">\n<p><b>Magn\u00e9tika<\/b> es una conjunci\u00f3n interestelar de artistas, multidisciplinares e indisciplinados que creen en el caos Dada\u00edsta y en que la obra, solamente existe en el momento en que choca con el sujeto-espectador, parte inherente y activa del objeto art\u00edstico.<\/p>\n<p><b>Todos somos arte<\/b>, todos somos una obra de arte. Creemos en esta declaraci\u00f3n de forma no metaf\u00f3rica, por ello queremos dar la oportunidad a todos los que asisten a nuestro espacio creativo, a interactuar y relacionarse con el espect\u00e1culo.<\/p>\n<p><b>La po\u00e9tica visual<\/b>, forma parte del eje central de nuestra gram\u00e1tica y la utilizamos para plasmar, transformar, deformar y madurar universos audiovisuales\u00a0propios, concebidos para ser proyectados fuera de la pantalla convencional a modo graffiti audiovisual ef\u00edmero. Magn\u00e9tika pretende dar luz, color, forma y texturas a perspectivas de edificios y otras superficies.<\/p>\n<p><b>La actitud<\/b> es ver el arte como una b\u00fasqueda. No creemos en un camino \u00fanico de creaci\u00f3n. Existen multitud de m\u00e9todos y maneras de alcanzar el mismo resultado y un n\u00famero infinito de resultados inesperados, esperando a ser descubiertos.<\/p>\n<p><b>El proceso<\/b> de mezcla a tiempo real, nos sirve para crear una rotura de la percepci\u00f3n del video como realidad.Dejar de percibir el medio como la herramienta de transmisi\u00f3n de realidades o ficciones concretas, nos da paso a un juego audiovisual de auto-conocimiento.<\/p>\n<\/div>\n<ul>\n<li>M\u00e1s informaci\u00f3n sobre nuestros proyectos en:<\/li>\n<li><a href=\"http:\/\/www.magnetika.es\/blog\">www.magnetika.es\/blog<\/a><\/li>\n<li><a href=\"mailto:info@magnetika.es\">info@magnetika.es<\/a><\/li>\n<li><a href=\"https:\/\/vimeo.com\/magnetikavisuals\"><b>Vimeo<\/b><\/a><\/li>\n<\/ul>\n","protected":false},"excerpt":{"rendered":"<p>En Magn\u00e9tika is an interstellar conjunction of multidisciplinary and undisciplined artists, believing in dadaist chaos and\u00a0 that art work is only existing in the moment of crash with subject-spectator, inherent and active part of the artistic object. We all are art, we all are a piece of art. We believe in this declaration in a [&hellip;]<\/p>\n","protected":false},"author":1,"featured_media":0,"parent":0,"menu_order":0,"comment_status":"open","ping_status":"closed","template":"","meta":{"footnotes":""},"class_list":["post-11","page","type-page","status-publish","hentry"],"yoast_head":"<!-- This site is optimized with the Yoast SEO plugin v26.1.1 - https:\/\/yoast.com\/wordpress\/plugins\/seo\/ -->\n<title>magn\u00e9tika visuals - music for the eyes<\/title>\n<meta name=\"description\" content=\"visual art, mappings\/micromappings, dinamic mapping projections,permanent installations, sound design, documentaries\" \/>\n<meta name=\"robots\" content=\"index, follow, max-snippet:-1, max-image-preview:large, max-video-preview:-1\" \/>\n<link rel=\"canonical\" href=\"https:\/\/www.magnetika.es\/blog\/about-us-magnetika_visuals-music_for_the_eyes\/\" \/>\n<meta property=\"og:locale\" content=\"es_ES\" \/>\n<meta property=\"og:type\" content=\"article\" \/>\n<meta property=\"og:title\" content=\"magn\u00e9tika visuals - music for the eyes\" \/>\n<meta property=\"og:description\" content=\"visual art, mappings\/micromappings, dinamic mapping projections,permanent installations, sound design, documentaries\" \/>\n<meta property=\"og:url\" content=\"https:\/\/www.magnetika.es\/blog\/about-us-magnetika_visuals-music_for_the_eyes\/\" \/>\n<meta property=\"og:site_name\" content=\"magn\u00e9tika visuals\" \/>\n<meta property=\"article:publisher\" content=\"https:\/\/www.facebook.com\/damagnetika\/\" \/>\n<meta property=\"article:modified_time\" content=\"2021-09-24T16:44:56+00:00\" \/>\n<meta property=\"og:image\" content=\"https:\/\/comp15plus.cyberneticos.com\/~magnetik\/blog\/wp-content\/uploads\/2013\/10\/CARD-blog-about2.jpg\" \/>\n<meta name=\"twitter:card\" content=\"summary_large_image\" \/>\n<script type=\"application\/ld+json\" class=\"yoast-schema-graph\">{\"@context\":\"https:\/\/schema.org\",\"@graph\":[{\"@type\":\"WebPage\",\"@id\":\"https:\/\/www.magnetika.es\/blog\/about-us-magnetika_visuals-music_for_the_eyes\/\",\"url\":\"https:\/\/www.magnetika.es\/blog\/about-us-magnetika_visuals-music_for_the_eyes\/\",\"name\":\"magn\u00e9tika visuals - music for the eyes\",\"isPartOf\":{\"@id\":\"https:\/\/www.magnetika.es\/blog\/#website\"},\"primaryImageOfPage\":{\"@id\":\"https:\/\/www.magnetika.es\/blog\/about-us-magnetika_visuals-music_for_the_eyes\/#primaryimage\"},\"image\":{\"@id\":\"https:\/\/www.magnetika.es\/blog\/about-us-magnetika_visuals-music_for_the_eyes\/#primaryimage\"},\"thumbnailUrl\":\"https:\/\/comp15plus.cyberneticos.com\/~magnetik\/blog\/wp-content\/uploads\/2013\/10\/CARD-blog-about2.jpg\",\"datePublished\":\"2013-10-22T09:19:04+00:00\",\"dateModified\":\"2021-09-24T16:44:56+00:00\",\"description\":\"visual art, mappings\/micromappings, dinamic mapping projections,permanent installations, sound design, documentaries\",\"breadcrumb\":{\"@id\":\"https:\/\/www.magnetika.es\/blog\/about-us-magnetika_visuals-music_for_the_eyes\/#breadcrumb\"},\"inLanguage\":\"es\",\"potentialAction\":[{\"@type\":\"ReadAction\",\"target\":[\"https:\/\/www.magnetika.es\/blog\/about-us-magnetika_visuals-music_for_the_eyes\/\"]}]},{\"@type\":\"ImageObject\",\"inLanguage\":\"es\",\"@id\":\"https:\/\/www.magnetika.es\/blog\/about-us-magnetika_visuals-music_for_the_eyes\/#primaryimage\",\"url\":\"https:\/\/comp15plus.cyberneticos.com\/~magnetik\/blog\/wp-content\/uploads\/2013\/10\/CARD-blog-about2.jpg\",\"contentUrl\":\"https:\/\/comp15plus.cyberneticos.com\/~magnetik\/blog\/wp-content\/uploads\/2013\/10\/CARD-blog-about2.jpg\"},{\"@type\":\"BreadcrumbList\",\"@id\":\"https:\/\/www.magnetika.es\/blog\/about-us-magnetika_visuals-music_for_the_eyes\/#breadcrumb\",\"itemListElement\":[{\"@type\":\"ListItem\",\"position\":1,\"name\":\"magn\u00e9tika visulas\",\"item\":\"https:\/\/www.magnetika.es\/blog\/\"},{\"@type\":\"ListItem\",\"position\":2,\"name\":\"about\"}]},{\"@type\":\"WebSite\",\"@id\":\"https:\/\/www.magnetika.es\/blog\/#website\",\"url\":\"https:\/\/www.magnetika.es\/blog\/\",\"name\":\"magn\u00e9tika visuals\",\"description\":\"video mapping, micromappings, visual works, visual art, dinamic mapping proyections\",\"publisher\":{\"@id\":\"https:\/\/www.magnetika.es\/blog\/#organization\"},\"potentialAction\":[{\"@type\":\"SearchAction\",\"target\":{\"@type\":\"EntryPoint\",\"urlTemplate\":\"https:\/\/www.magnetika.es\/blog\/?s={search_term_string}\"},\"query-input\":{\"@type\":\"PropertyValueSpecification\",\"valueRequired\":true,\"valueName\":\"search_term_string\"}}],\"inLanguage\":\"es\"},{\"@type\":\"Organization\",\"@id\":\"https:\/\/www.magnetika.es\/blog\/#organization\",\"name\":\"magnetika visuals\",\"url\":\"https:\/\/www.magnetika.es\/blog\/\",\"logo\":{\"@type\":\"ImageObject\",\"inLanguage\":\"es\",\"@id\":\"https:\/\/www.magnetika.es\/blog\/#\/schema\/logo\/image\/\",\"url\":\"https:\/\/www.magnetika.es\/blog\/wp-content\/uploads\/2021\/09\/LOGO-magnetika-RGB-600-border.jpg\",\"contentUrl\":\"https:\/\/www.magnetika.es\/blog\/wp-content\/uploads\/2021\/09\/LOGO-magnetika-RGB-600-border.jpg\",\"width\":600,\"height\":151,\"caption\":\"magnetika visuals\"},\"image\":{\"@id\":\"https:\/\/www.magnetika.es\/blog\/#\/schema\/logo\/image\/\"},\"sameAs\":[\"https:\/\/www.facebook.com\/damagnetika\/\",\"https:\/\/www.instagram.com\/magnetika_visuals\/\"]}]}<\/script>\n<!-- \/ Yoast SEO plugin. -->","yoast_head_json":{"title":"magn\u00e9tika visuals - music for the eyes","description":"visual art, mappings\/micromappings, dinamic mapping projections,permanent installations, sound design, documentaries","robots":{"index":"index","follow":"follow","max-snippet":"max-snippet:-1","max-image-preview":"max-image-preview:large","max-video-preview":"max-video-preview:-1"},"canonical":"https:\/\/www.magnetika.es\/blog\/about-us-magnetika_visuals-music_for_the_eyes\/","og_locale":"es_ES","og_type":"article","og_title":"magn\u00e9tika visuals - music for the eyes","og_description":"visual art, mappings\/micromappings, dinamic mapping projections,permanent installations, sound design, documentaries","og_url":"https:\/\/www.magnetika.es\/blog\/about-us-magnetika_visuals-music_for_the_eyes\/","og_site_name":"magn\u00e9tika visuals","article_publisher":"https:\/\/www.facebook.com\/damagnetika\/","article_modified_time":"2021-09-24T16:44:56+00:00","og_image":[{"url":"https:\/\/comp15plus.cyberneticos.com\/~magnetik\/blog\/wp-content\/uploads\/2013\/10\/CARD-blog-about2.jpg","type":"","width":"","height":""}],"twitter_card":"summary_large_image","schema":{"@context":"https:\/\/schema.org","@graph":[{"@type":"WebPage","@id":"https:\/\/www.magnetika.es\/blog\/about-us-magnetika_visuals-music_for_the_eyes\/","url":"https:\/\/www.magnetika.es\/blog\/about-us-magnetika_visuals-music_for_the_eyes\/","name":"magn\u00e9tika visuals - music for the eyes","isPartOf":{"@id":"https:\/\/www.magnetika.es\/blog\/#website"},"primaryImageOfPage":{"@id":"https:\/\/www.magnetika.es\/blog\/about-us-magnetika_visuals-music_for_the_eyes\/#primaryimage"},"image":{"@id":"https:\/\/www.magnetika.es\/blog\/about-us-magnetika_visuals-music_for_the_eyes\/#primaryimage"},"thumbnailUrl":"https:\/\/comp15plus.cyberneticos.com\/~magnetik\/blog\/wp-content\/uploads\/2013\/10\/CARD-blog-about2.jpg","datePublished":"2013-10-22T09:19:04+00:00","dateModified":"2021-09-24T16:44:56+00:00","description":"visual art, mappings\/micromappings, dinamic mapping projections,permanent installations, sound design, documentaries","breadcrumb":{"@id":"https:\/\/www.magnetika.es\/blog\/about-us-magnetika_visuals-music_for_the_eyes\/#breadcrumb"},"inLanguage":"es","potentialAction":[{"@type":"ReadAction","target":["https:\/\/www.magnetika.es\/blog\/about-us-magnetika_visuals-music_for_the_eyes\/"]}]},{"@type":"ImageObject","inLanguage":"es","@id":"https:\/\/www.magnetika.es\/blog\/about-us-magnetika_visuals-music_for_the_eyes\/#primaryimage","url":"https:\/\/comp15plus.cyberneticos.com\/~magnetik\/blog\/wp-content\/uploads\/2013\/10\/CARD-blog-about2.jpg","contentUrl":"https:\/\/comp15plus.cyberneticos.com\/~magnetik\/blog\/wp-content\/uploads\/2013\/10\/CARD-blog-about2.jpg"},{"@type":"BreadcrumbList","@id":"https:\/\/www.magnetika.es\/blog\/about-us-magnetika_visuals-music_for_the_eyes\/#breadcrumb","itemListElement":[{"@type":"ListItem","position":1,"name":"magn\u00e9tika visulas","item":"https:\/\/www.magnetika.es\/blog\/"},{"@type":"ListItem","position":2,"name":"about"}]},{"@type":"WebSite","@id":"https:\/\/www.magnetika.es\/blog\/#website","url":"https:\/\/www.magnetika.es\/blog\/","name":"magn\u00e9tika visuals","description":"video mapping, micromappings, visual works, visual art, dinamic mapping proyections","publisher":{"@id":"https:\/\/www.magnetika.es\/blog\/#organization"},"potentialAction":[{"@type":"SearchAction","target":{"@type":"EntryPoint","urlTemplate":"https:\/\/www.magnetika.es\/blog\/?s={search_term_string}"},"query-input":{"@type":"PropertyValueSpecification","valueRequired":true,"valueName":"search_term_string"}}],"inLanguage":"es"},{"@type":"Organization","@id":"https:\/\/www.magnetika.es\/blog\/#organization","name":"magnetika visuals","url":"https:\/\/www.magnetika.es\/blog\/","logo":{"@type":"ImageObject","inLanguage":"es","@id":"https:\/\/www.magnetika.es\/blog\/#\/schema\/logo\/image\/","url":"https:\/\/www.magnetika.es\/blog\/wp-content\/uploads\/2021\/09\/LOGO-magnetika-RGB-600-border.jpg","contentUrl":"https:\/\/www.magnetika.es\/blog\/wp-content\/uploads\/2021\/09\/LOGO-magnetika-RGB-600-border.jpg","width":600,"height":151,"caption":"magnetika visuals"},"image":{"@id":"https:\/\/www.magnetika.es\/blog\/#\/schema\/logo\/image\/"},"sameAs":["https:\/\/www.facebook.com\/damagnetika\/","https:\/\/www.instagram.com\/magnetika_visuals\/"]}]}},"_links":{"self":[{"href":"https:\/\/www.magnetika.es\/blog\/wp-json\/wp\/v2\/pages\/11","targetHints":{"allow":["GET"]}}],"collection":[{"href":"https:\/\/www.magnetika.es\/blog\/wp-json\/wp\/v2\/pages"}],"about":[{"href":"https:\/\/www.magnetika.es\/blog\/wp-json\/wp\/v2\/types\/page"}],"author":[{"embeddable":true,"href":"https:\/\/www.magnetika.es\/blog\/wp-json\/wp\/v2\/users\/1"}],"replies":[{"embeddable":true,"href":"https:\/\/www.magnetika.es\/blog\/wp-json\/wp\/v2\/comments?post=11"}],"version-history":[{"count":5,"href":"https:\/\/www.magnetika.es\/blog\/wp-json\/wp\/v2\/pages\/11\/revisions"}],"predecessor-version":[{"id":1015,"href":"https:\/\/www.magnetika.es\/blog\/wp-json\/wp\/v2\/pages\/11\/revisions\/1015"}],"wp:attachment":[{"href":"https:\/\/www.magnetika.es\/blog\/wp-json\/wp\/v2\/media?parent=11"}],"curies":[{"name":"wp","href":"https:\/\/api.w.org\/{rel}","templated":true}]}}